{"id":4427,"date":"2025-08-22T11:56:01","date_gmt":"2025-08-22T09:56:01","guid":{"rendered":"https:\/\/regional-tourism-alliance.ch\/impressum-relaunch\/"},"modified":"2025-09-17T15:47:30","modified_gmt":"2025-09-17T13:47:30","slug":"impressum-relaunch","status":"publish","type":"page","link":"https:\/\/regional-tourism-alliance.ch\/fr\/impressum-relaunch\/","title":{"rendered":"Impressum Relaunch"},"content":{"rendered":"\t\t<div data-elementor-type=\"wp-page\" data-elementor-id=\"4427\" class=\"elementor elementor-4427 elementor-4369\" data-elementor-post-type=\"page\">\n\t\t\t\t\t\t<section class=\"elementor-section elementor-top-section elementor-element elementor-element-5257aa7 elementor-section-boxed elementor-section-height-default elementor-section-height-default\" data-id=\"5257aa7\" data-element_type=\"section\" data-e-type=\"section\">\n\t\t\t\t\t\t<div class=\"elementor-container elementor-column-gap-default\">\n\t\t\t\t\t<div class=\"elementor-column elementor-col-100 elementor-top-column elementor-element elementor-element-fabb76b\" data-id=\"fabb76b\" data-element_type=\"column\" data-e-type=\"column\">\n\t\t\t<div class=\"elementor-widget-wrap elementor-element-populated\">\n\t\t\t\t\t\t<div class=\"elementor-element elementor-element-321961b elementor-widget elementor-widget-text-editor\" data-id=\"321961b\" data-element_type=\"widget\" data-e-type=\"widget\" data-widget_type=\"text-editor.default\">\n\t\t\t\t<div class=\"elementor-widget-container\">\n\t\t\t\t\t\t\t\t\t<div data-ogsc=\"rgb(0, 0, 0)\"><h2>Mentions l\u00e9gales<\/h2><\/div><div data-ogsc=\"rgb(0, 0, 0)\"><b>Si\u00e8ge de la Regional Tourism Alliance<\/b><\/div><div data-ogsc=\"rgb(0, 0, 0)\">Regional Tourism Alliace<\/div><div data-ogsc=\"rgb(0, 0, 0)\">Bahnhofstrasse 3<\/div><div data-ogsc=\"rgb(0, 0, 0)\">6003 Luzern<\/div><div data-ogsc=\"rgb(0, 0, 0)\">UID: CHE-137.815.149<\/div><div data-ogsc=\"rgb(0, 0, 0)\"> <\/div><div data-ogsc=\"rgb(0, 0, 0)\"><b>Secr\u00e9tariat de l&rsquo;association RDK<\/b><\/div><div data-ogsc=\"rgb(0, 0, 0)\">Regional Tourism Alliace<\/div><div data-ogsc=\"rgb(0, 0, 0)\">c\/o Valais\/Wallis Promotion<\/div><div data-ogsc=\"rgb(0, 0, 0)\">Miriam Nussbaumer<\/div><div data-ogsc=\"rgb(0, 0, 0)\">Avenue de Tourbillon 11<\/div><div data-ogsc=\"rgb(0, 0, 0)\">1950 Sion<\/div><div data-ogsc=\"rgb(0, 0, 0)\">T\u00e9l\u00e9phone: <a href=\"tel:+41273273600\">+41 27 327 36 00<\/a><\/div><div data-ogsc=\"rgb(0, 0, 0)\">E-Mail: <a href=\"mailto:miriam.nussbaumer@valais.ch\" data-ogsc=\"\">miriam.nussbaumer@valais.ch<\/a><\/div><div data-ogsc=\"rgb(0, 0, 0)\">Website: <span data-ogsc=\"rgb(0, 120, 215)\"><a title=\"https:\/\/regional-tourism-alliance.ch\/fr\/\" href=\"https:\/\/regional-tourism-alliance.ch\/fr\/\" target=\"_blank\" rel=\"noreferrer noopener\" data-outlook-id=\"753aabf3-c120-4502-915c-dff14f0719fc\" data-ogsc=\"rgb(0, 120, 215)\">https:\/\/regional-tourism-alliance.ch\/<\/a><\/span><\/div>\t\t\t\t\t\t\t\t<\/div>\n\t\t\t\t<\/div>\n\t\t\t\t\t<\/div>\n\t\t<\/div>\n\t\t\t\t\t<\/div>\n\t\t<\/section>\n\t\t\t\t<\/div>\n\t\t","protected":false},"excerpt":{"rendered":"<p>Mentions l\u00e9gales Si\u00e8ge de la Regional Tourism AllianceRegional Tourism AlliaceBahnhofstrasse 36003 LuzernUID: CHE-137.815.149 Secr\u00e9tariat de l&rsquo;association RDKRegional Tourism Alliacec\/o Valais\/Wallis PromotionMiriam NussbaumerAvenue de Tourbillon 111950 SionT\u00e9l\u00e9phone: +41 27 327 36 00E-Mail: miriam.nussbaumer@valais.chWebsite: https:\/\/regional-tourism-alliance.ch\/<\/p>\n","protected":false},"author":4223,"featured_media":0,"parent":0,"menu_order":0,"comment_status":"closed","ping_status":"closed","template":"","meta":{"inline_featured_image":false,"footnotes":""},"class_list":["post-4427","page","type-page","status-publish","hentry"],"_links":{"self":[{"href":"https:\/\/regional-tourism-alliance.ch\/fr\/wp-json\/wp\/v2\/pages\/4427","targetHints":{"allow":["GET"]}}],"collection":[{"href":"https:\/\/regional-tourism-alliance.ch\/fr\/wp-json\/wp\/v2\/pages"}],"about":[{"href":"https:\/\/regional-tourism-alliance.ch\/fr\/wp-json\/wp\/v2\/types\/page"}],"author":[{"embeddable":true,"href":"https:\/\/regional-tourism-alliance.ch\/fr\/wp-json\/wp\/v2\/users\/4223"}],"replies":[{"embeddable":true,"href":"https:\/\/regional-tourism-alliance.ch\/fr\/wp-json\/wp\/v2\/comments?post=4427"}],"version-history":[{"count":1,"href":"https:\/\/regional-tourism-alliance.ch\/fr\/wp-json\/wp\/v2\/pages\/4427\/revisions"}],"predecessor-version":[{"id":4428,"href":"https:\/\/regional-tourism-alliance.ch\/fr\/wp-json\/wp\/v2\/pages\/4427\/revisions\/4428"}],"wp:attachment":[{"href":"https:\/\/regional-tourism-alliance.ch\/fr\/wp-json\/wp\/v2\/media?parent=4427"}],"curies":[{"name":"wp","href":"https:\/\/api.w.org\/{rel}","templated":true}]}}