{"id":907,"date":"2022-03-09T08:57:54","date_gmt":"2022-03-09T07:57:54","guid":{"rendered":"https:\/\/regional-tourism-alliance.ch\/intranets\/"},"modified":"2025-10-01T07:44:49","modified_gmt":"2025-10-01T05:44:49","slug":"intranets","status":"publish","type":"page","link":"https:\/\/regional-tourism-alliance.ch\/fr\/intranets\/","title":{"rendered":"Intranets"},"content":{"rendered":"\t\t<div data-elementor-type=\"wp-page\" data-elementor-id=\"907\" class=\"elementor elementor-907 elementor-95\" data-elementor-post-type=\"page\">\n\t\t\t\t\t\t<section class=\"elementor-section elementor-top-section elementor-element elementor-element-22b9d37f elementor-section-full_width elementor-section-height-default elementor-section-height-default\" data-id=\"22b9d37f\" data-element_type=\"section\" data-e-type=\"section\">\n\t\t\t\t\t\t<div class=\"elementor-container elementor-column-gap-default\">\n\t\t\t\t\t<div class=\"elementor-column elementor-col-100 elementor-top-column elementor-element elementor-element-238661a6\" data-id=\"238661a6\" data-element_type=\"column\" data-e-type=\"column\" data-settings=\"{&quot;background_background&quot;:&quot;classic&quot;}\">\n\t\t\t<div class=\"elementor-widget-wrap elementor-element-populated\">\n\t\t\t\t\t\t<div class=\"elementor-element elementor-element-6a7a9362 elementor-widget elementor-widget-heading\" data-id=\"6a7a9362\" data-element_type=\"widget\" data-e-type=\"widget\" data-widget_type=\"heading.default\">\n\t\t\t\t<div class=\"elementor-widget-container\">\n\t\t\t\t\t<h1 class=\"elementor-heading-title elementor-size-default\">Intranets<\/h1>\t\t\t\t<\/div>\n\t\t\t\t<\/div>\n\t\t\t\t<div class=\"elementor-element elementor-element-02c1e5f elementor-widget elementor-widget-text-editor\" data-id=\"02c1e5f\" data-element_type=\"widget\" data-e-type=\"widget\" data-widget_type=\"text-editor.default\">\n\t\t\t\t<div class=\"elementor-widget-container\">\n\t\t\t\t\t\t\t\t\t<p><span style=\"color: #ffffff;\">Lavaux &#8211; \u00a9Maude Rion<\/span><\/p>\t\t\t\t\t\t\t\t<\/div>\n\t\t\t\t<\/div>\n\t\t\t\t\t<\/div>\n\t\t<\/div>\n\t\t\t\t\t<\/div>\n\t\t<\/section>\n\t\t\t\t<section class=\"elementor-section elementor-top-section elementor-element elementor-element-d251cf6 elementor-section-boxed elementor-section-height-default elementor-section-height-default\" data-id=\"d251cf6\" data-element_type=\"section\" data-e-type=\"section\">\n\t\t\t\t\t\t<div class=\"elementor-container elementor-column-gap-default\">\n\t\t\t\t\t<div class=\"elementor-column elementor-col-50 elementor-top-column elementor-element elementor-element-bbd463f\" data-id=\"bbd463f\" data-element_type=\"column\" data-e-type=\"column\">\n\t\t\t<div class=\"elementor-widget-wrap elementor-element-populated\">\n\t\t\t\t\t\t<div class=\"elementor-element elementor-element-be827c1 elementor-widget elementor-widget-heading\" data-id=\"be827c1\" data-element_type=\"widget\" data-e-type=\"widget\" data-widget_type=\"heading.default\">\n\t\t\t\t<div class=\"elementor-widget-container\">\n\t\t\t\t\t<h2 class=\"elementor-heading-title elementor-size-default\">Intranets pour les r\u00e9gions et les partenaires<\/h2>\t\t\t\t<\/div>\n\t\t\t\t<\/div>\n\t\t\t\t<div class=\"elementor-element elementor-element-b042945 elementor-widget elementor-widget-text-editor\" data-id=\"b042945\" data-element_type=\"widget\" data-e-type=\"widget\" data-widget_type=\"text-editor.default\">\n\t\t\t\t<div class=\"elementor-widget-container\">\n\t\t\t\t\t\t\t\t\t<p>Sur les Intranets respectifs, vous trouverez toutes les \u00e9tudes, projets et autres documents importants de la Regional Tourism Alliance.<\/p><p>Les acc\u00e8s aux intranets sont prot\u00e9g\u00e9s par un mot de passe. Si vous avez besoin d&rsquo;un acc\u00e8s ou de toute autre aide, n&rsquo;h\u00e9sitez pas \u00e0 nous envoyer un e-mail : <a href=\"mailto:miriam.nussbaumer@valais.ch\">miriam.nussbaumer@valais.ch<\/a><\/p>\t\t\t\t\t\t\t\t<\/div>\n\t\t\t\t<\/div>\n\t\t\t\t\t<\/div>\n\t\t<\/div>\n\t\t\t\t<div class=\"elementor-column elementor-col-50 elementor-top-column elementor-element elementor-element-94e05ae\" data-id=\"94e05ae\" data-element_type=\"column\" data-e-type=\"column\">\n\t\t\t<div class=\"elementor-widget-wrap elementor-element-populated\">\n\t\t\t\t\t\t<div class=\"elementor-element elementor-element-76cbc5e elementor-align-center elementor-widget elementor-widget-button\" data-id=\"76cbc5e\" data-element_type=\"widget\" data-e-type=\"widget\" data-widget_type=\"button.default\">\n\t\t\t\t<div class=\"elementor-widget-container\">\n\t\t\t\t\t\t\t\t\t<div class=\"elementor-button-wrapper\">\n\t\t\t\t\t<a class=\"elementor-button elementor-button-link elementor-size-sm\" href=\"https:\/\/regional-tourism-alliance.ch\/intranets-regionen\/\">\n\t\t\t\t\t\t<span class=\"elementor-button-content-wrapper\">\n\t\t\t\t\t\t\t\t\t<span class=\"elementor-button-text\">Intranet pour les r\u00e9gions<\/span>\n\t\t\t\t\t<\/span>\n\t\t\t\t\t<\/a>\n\t\t\t\t<\/div>\n\t\t\t\t\t\t\t\t<\/div>\n\t\t\t\t<\/div>\n\t\t\t\t<div class=\"elementor-element elementor-element-01d770c elementor-align-center elementor-widget elementor-widget-button\" data-id=\"01d770c\" data-element_type=\"widget\" data-e-type=\"widget\" data-widget_type=\"button.default\">\n\t\t\t\t<div class=\"elementor-widget-container\">\n\t\t\t\t\t\t\t\t\t<div class=\"elementor-button-wrapper\">\n\t\t\t\t\t<a class=\"elementor-button elementor-button-link elementor-size-sm\" href=\"https:\/\/regional-tourism-alliance.ch\/intranet-partners\/\">\n\t\t\t\t\t\t<span class=\"elementor-button-content-wrapper\">\n\t\t\t\t\t\t\t\t\t<span class=\"elementor-button-text\">Intranet pour les r\u00e9gions et les partenaires<\/span>\n\t\t\t\t\t<\/span>\n\t\t\t\t\t<\/a>\n\t\t\t\t<\/div>\n\t\t\t\t\t\t\t\t<\/div>\n\t\t\t\t<\/div>\n\t\t\t\t\t<\/div>\n\t\t<\/div>\n\t\t\t\t\t<\/div>\n\t\t<\/section>\n\t\t\t\t<\/div>\n\t\t","protected":false},"excerpt":{"rendered":"<p>Intranets Lavaux &#8211; \u00a9Maude Rion Intranets pour les r\u00e9gions et les partenaires Sur les Intranets respectifs, vous trouverez toutes les \u00e9tudes, projets et autres documents importants de la Regional Tourism Alliance. Les acc\u00e8s aux intranets sont prot\u00e9g\u00e9s par un mot de passe. Si vous avez besoin d&rsquo;un acc\u00e8s ou de toute autre aide, n&rsquo;h\u00e9sitez pas [&hellip;]<\/p>\n","protected":false},"author":4223,"featured_media":0,"parent":0,"menu_order":0,"comment_status":"closed","ping_status":"closed","template":"","meta":{"inline_featured_image":false,"footnotes":""},"class_list":["post-907","page","type-page","status-publish","hentry"],"_links":{"self":[{"href":"https:\/\/regional-tourism-alliance.ch\/fr\/wp-json\/wp\/v2\/pages\/907","targetHints":{"allow":["GET"]}}],"collection":[{"href":"https:\/\/regional-tourism-alliance.ch\/fr\/wp-json\/wp\/v2\/pages"}],"about":[{"href":"https:\/\/regional-tourism-alliance.ch\/fr\/wp-json\/wp\/v2\/types\/page"}],"author":[{"embeddable":true,"href":"https:\/\/regional-tourism-alliance.ch\/fr\/wp-json\/wp\/v2\/users\/4223"}],"replies":[{"embeddable":true,"href":"https:\/\/regional-tourism-alliance.ch\/fr\/wp-json\/wp\/v2\/comments?post=907"}],"version-history":[{"count":9,"href":"https:\/\/regional-tourism-alliance.ch\/fr\/wp-json\/wp\/v2\/pages\/907\/revisions"}],"predecessor-version":[{"id":4530,"href":"https:\/\/regional-tourism-alliance.ch\/fr\/wp-json\/wp\/v2\/pages\/907\/revisions\/4530"}],"wp:attachment":[{"href":"https:\/\/regional-tourism-alliance.ch\/fr\/wp-json\/wp\/v2\/media?parent=907"}],"curies":[{"name":"wp","href":"https:\/\/api.w.org\/{rel}","templated":true}]}}